{"id":515,"date":"2021-10-25T09:22:43","date_gmt":"2021-10-25T09:22:43","guid":{"rendered":"https:\/\/wordpress-566072-2146620.cloudwaysapps.com\/?page_id=515"},"modified":"2025-04-07T01:33:41","modified_gmt":"2025-04-06T23:33:41","slug":"home","status":"publish","type":"page","link":"https:\/\/riveira.net\/wp\/","title":{"rendered":"INICIO"},"content":{"rendered":"\n<div class=\"wp-block-stackable-columns alignfull stk-block-columns stk-block stk-2b10ff5 stk-block-background\" data-block-id=\"2b10ff5\"><style>.stk-2b10ff5 {background-color:#a9eec085 !important;background-position:center center !important;background-size:cover !important;background-blend-mode:difference !important;border-top-left-radius:0px !important;border-top-right-radius:0px !important;border-bottom-right-radius:0px !important;border-bottom-left-radius:0px !important;overflow:hidden !important;min-height:100vh !important;align-items:center !important;padding-top:73px !important;padding-bottom:200px !important;margin-bottom:-160px !important;display:flex !important;opacity:1 !important;}.stk-2b10ff5:before{background-color:#a9eec085 !important;}.stk-2b10ff5-column{--stk-column-gap:0px !important;row-gap:0px !important;}@media screen and (max-width:999px){.stk-2b10ff5 {padding-top:200px !important;padding-bottom:250px !important;}}@media screen and (max-width:689px){.stk-2b10ff5 {padding-top:190px !important;padding-bottom:240px !important;margin-bottom:-145px !important;}}<\/style><div class=\"stk-row stk-inner-blocks has-text-align-center stk-block-content stk-content-align stk-2b10ff5-column alignfull\">\n<div class=\"wp-block-stackable-column stk-block-column stk-column stk-block stk-e1de533\" data-v=\"4\" data-block-id=\"e1de533\"><style>.stk-e1de533-container{margin-top:0px !important;margin-right:0px !important;margin-bottom:0px !important;margin-left:0px !important;}<\/style><div class=\"stk-column-wrapper stk-block-column__content stk-container stk-e1de533-container stk--no-background stk--no-padding\"><div class=\"stk-block-content stk-inner-blocks stk-e1de533-inner-blocks\">\n<div class=\"wp-block-stackable-heading stk-block-heading stk-block-heading--v2 stk-block stk-338d9c3 alignwide\" id=\"bienvenido-a-informovil\" data-block-id=\"338d9c3\"><style>.stk-338d9c3 .stk-block-heading__top-line{margin-bottom:0px !important;margin-left:0 !important;margin-right:auto !important;}.stk-338d9c3 {margin-bottom:21px !important;top:-32px !important;opacity:1 !important;}.stk-338d9c3 .stk-block-heading__text{text-shadow:2px 4px 5px var(--theme-palette-color-4, #030306) !important;font-size:68px !important;color:var(--theme-palette-color-1, #fd5a37) !important;line-height:1.4em !important;}@media screen and (max-width:999px){.stk-338d9c3 .stk-block-heading__text{font-size:40px !important;}}@media screen and (max-width:689px){.stk-338d9c3 .stk-block-heading__text{font-size:37px !important;}}<\/style><h1 class=\"stk-block-heading__text has-text-color has-palette-color-8-color has-text-align-center has-text-align-center-mobile stk-block-heading--use-theme-margins\">Bienvenido a INFORMOVIL <\/h1><\/div>\n\n\n\n<div class=\"wp-block-stackable-heading aligncenter stk-block-heading stk-block-heading--v2 stk-block stk-5d3c660\" id=\"strong-tu-solucion-confiable-en-ribeira-coruna-para-la-reparacion-y-mantenimiento-de-moviles-tablets-y-ordenadores-strong-especialistas-en-reparaciones-de-iphone\" data-block-id=\"5d3c660\"><style>.stk-5d3c660 {max-width:1153px !important;min-width:auto !important;margin-bottom:11px !important;top:-38px !important;}.stk-5d3c660 .stk-block-heading__text{text-shadow:4px 2px 4px var(--theme-palette-color-4, #030306) !important;font-size:30px !important;color:var(--theme-palette-color-8, #ffffff) !important;}@media screen and (max-width:999px){.stk-5d3c660 .stk-block-heading__text{font-size:30px !important;}}@media screen and (max-width:689px){.stk-5d3c660 .stk-block-heading__text{font-size:27px !important;}}<\/style><h2 class=\"stk-block-heading__text has-text-color has-text-align-center\"><strong>Tu soluci\u00f3n confiable en Ribeira (Coru\u00f1a) para la reparaci\u00f3n y mantenimiento de m\u00f3viles, tablets y ordenadores.<\/strong>  Especialistas en reparaciones de Iphone.<\/h2><\/div>\n\n\n\n<div class=\"wp-block-stackable-subtitle stk-block-subtitle stk-block stk-558e02d\" data-block-id=\"558e02d\"><style>.stk-558e02d {box-shadow:none !important;max-width:806px !important;min-width:auto !important;margin-right:auto !important;margin-left:auto !important;}.stk-558e02d .stk-block-subtitle__text{text-shadow:2px 2px 4px #00000033 !important;font-size:26px !important;color:#000000 !important;}@media screen and (max-width:999px){.stk-558e02d .stk-block-subtitle__text{font-size:26px !important;}}<\/style><p class=\"stk-block-subtitle__text stk-subtitle has-text-color has-palette-color-8-color has-text-align-center has-text-align-center-mobile\"><strong>Nos especializamos en diagn\u00f3sticos precisos, reparaciones r\u00e1pidas y soluciones efectivas para que tu dispositivo funcione como nuevo.<\/strong><\/p><\/div>\n\n\n\n<div class=\"wp-block-buttons is-horizontal is-content-justification-center is-layout-flex wp-container-core-buttons-is-layout-ef5ce59c wp-block-buttons-is-layout-flex\">\n<div class=\"wp-block-button has-custom-width wp-block-button__width-50 has-custom-font-size is-style-fill has-medium-font-size\"><a class=\"wp-block-button__link has-palette-color-8-color has-palette-color-1-background-color has-text-color has-background has-link-color has-border-color has-palette-color-8-border-color wp-element-button\" href=\"https:\/\/riveira.net\/wp\/?page_id=1051\" style=\"border-width:2px;border-radius:14px\">CONTACTO<\/a><\/div>\n<\/div>\n<\/div><\/div><\/div>\n<\/div><\/div>\n\n\n\n<div class=\"wp-block-stackable-columns alignfull stk-block-columns stk-block stk-310de18 stk-block-background stk--has-background-overlay\" data-block-id=\"310de18\"><style>.stk-310de18 {background-color:transparent !important;background-image:url(http:\/\/riveira.net\/wp\/wp-content\/uploads\/2025\/03\/ordenador-reparacion-1.png) !important;background-attachment:fixed !important;background-position:top center !important;background-repeat:no-repeat !important;padding-top:154px !important;padding-bottom:0px !important;margin-top:15px !important;margin-bottom:0px !important;}.stk-310de18:before{opacity:1 !important;background-image:linear-gradient(0deg, var(--theme-palette-color-4, #030306) 30%, transparent 100%) !important;}@media screen and (max-width:999px){.stk-310de18 {padding-top:80px !important;}}<\/style><div class=\"stk-row stk-inner-blocks stk-block-content stk-content-align stk-310de18-column alignwide\">\n<div class=\"wp-block-stackable-column stk-block-column stk-column stk-block stk-eb7c740\" data-v=\"4\" data-block-id=\"eb7c740\"><div class=\"stk-column-wrapper stk-block-column__content stk-container stk-eb7c740-container stk--no-background stk--no-padding\"><div class=\"stk-block-content stk-inner-blocks stk-eb7c740-inner-blocks\">\n<div class=\"wp-block-stackable-icon-list stk-block-icon-list stk-block stk-025640c\" data-block-id=\"025640c\"><svg style=\"display:none\"><defs><g id=\"stk-icon-list__icon-svg-def-025640c\"><svg xmlns=\"http:\/\/www.w3.org\/2000\/svg\" viewBox=\"0 0 190 190\"><polygon points=\"173.8,28.4 60.4,141.8 15.7,97.2 5.1,107.8 60.4,163 184.4,39 173.8,28.4\"\/><\/svg><\/g><\/defs><\/svg><ul class=\"stk-block-icon-list__ul stk-block-icon-list--column\">\n<li class=\"wp-block-stackable-icon-list-item stk-block-icon-list-item stk-block stk-549ccae\" data-block-id=\"549ccae\"><style>.stk-549ccae {top:-100px !important;}.stk-549ccae .stk-block-icon-list-item__text{font-size:30px !important;color:#ff6900 !important;}@media screen and (max-width:999px){.stk-549ccae .stk-block-icon-list-item__text{font-size:30px !important;}}@media screen and (max-width:689px){.stk-549ccae {top:-89px !important;}}<\/style><div class=\"stk-block-icon-list-item__content\"><span class=\"stk--svg-wrapper\"><div class=\"stk--inner-svg\"><svg aria-hidden=\"true\" width=\"32\" height=\"32\"><use xlink:href=\"#stk-icon-list__icon-svg-def-025640c\"><\/use><\/svg><\/div><\/span><span class=\"stk-block-icon-list-item__text has-text-color\"><strong>Nuestros servicios incluyen:<\/strong><\/span><\/div><\/li>\n\n\n\n<li class=\"wp-block-stackable-icon-list-item stk-block-icon-list-item stk-block stk-27160b1\" data-block-id=\"27160b1\"><style>.stk-27160b1 {top:-100px !important;}.stk-27160b1 .stk-block-icon-list-item__text{text-shadow:0px 2px 4px #000000 !important;font-size:25px !important;color:var(--theme-palette-color-8, #ffffff) !important;}@media screen and (max-width:999px){.stk-27160b1 .stk-block-icon-list-item__text{font-size:25px !important;}}<\/style><div class=\"stk-block-icon-list-item__content\"><span class=\"stk--svg-wrapper\"><div class=\"stk--inner-svg\"><svg aria-hidden=\"true\" width=\"32\" height=\"32\"><use xlink:href=\"#stk-icon-list__icon-svg-def-025640c\"><\/use><\/svg><\/div><\/span><span class=\"stk-block-icon-list-item__text has-text-color\">\u2705 Reparaci\u00f3n de pantallas y cambios de bater\u00eda<\/span><\/div><\/li>\n\n\n\n<li class=\"wp-block-stackable-icon-list-item stk-block-icon-list-item stk-block stk-dfeecf4\" data-block-id=\"dfeecf4\"><style>.stk-dfeecf4 {top:-100px !important;}.stk-dfeecf4 .stk-block-icon-list-item__text{text-shadow:6px 6px 4px rgba(120, 120, 120, 0.2) !important;font-size:24px !important;color:var(--theme-palette-color-8, #ffffff) !important;}@media screen and (max-width:999px){.stk-dfeecf4 .stk-block-icon-list-item__text{font-size:24px !important;}}<\/style><div class=\"stk-block-icon-list-item__content\"><span class=\"stk--svg-wrapper\"><div class=\"stk--inner-svg\"><svg aria-hidden=\"true\" width=\"32\" height=\"32\"><use xlink:href=\"#stk-icon-list__icon-svg-def-025640c\"><\/use><\/svg><\/div><\/span><span class=\"stk-block-icon-list-item__text has-text-color\">\u2705 Eliminaci\u00f3n de virus y optimizaci\u00f3n del sistema<\/span><\/div><\/li>\n\n\n\n<li class=\"wp-block-stackable-icon-list-item stk-block-icon-list-item stk-block stk-d765716\" data-block-id=\"d765716\"><style>.stk-d765716 {top:-100px !important;}.stk-d765716 .stk-block-icon-list-item__text{font-size:25px !important;color:var(--theme-palette-color-8, #ffffff) !important;}@media screen and (max-width:999px){.stk-d765716 .stk-block-icon-list-item__text{font-size:25px !important;}}<\/style><div class=\"stk-block-icon-list-item__content\"><span class=\"stk--svg-wrapper\"><div class=\"stk--inner-svg\"><svg aria-hidden=\"true\" width=\"32\" height=\"32\"><use xlink:href=\"#stk-icon-list__icon-svg-def-025640c\"><\/use><\/svg><\/div><\/span><span class=\"stk-block-icon-list-item__text has-text-color\">\u2705 Recuperaci\u00f3n de datos y copias de seguridad<\/span><\/div><\/li>\n\n\n\n<li class=\"wp-block-stackable-icon-list-item stk-block-icon-list-item stk-block stk-e3813ed\" data-block-id=\"e3813ed\"><style>.stk-e3813ed {top:-100px !important;}.stk-e3813ed .stk-block-icon-list-item__text{font-size:25px !important;color:var(--theme-palette-color-8, #ffffff) !important;}@media screen and (max-width:999px){.stk-e3813ed .stk-block-icon-list-item__text{font-size:25px !important;}}<\/style><div class=\"stk-block-icon-list-item__content\"><span class=\"stk--svg-wrapper\"><div class=\"stk--inner-svg\"><svg aria-hidden=\"true\" width=\"32\" height=\"32\"><use xlink:href=\"#stk-icon-list__icon-svg-def-025640c\"><\/use><\/svg><\/div><\/span><span class=\"stk-block-icon-list-item__text has-text-color\">\u2705 Reparaciones de hardware y software<\/span><\/div><\/li>\n\n\n\n<li class=\"wp-block-stackable-icon-list-item stk-block-icon-list-item stk-block stk-5e2dda5\" data-block-id=\"5e2dda5\"><style>.stk-5e2dda5 {top:-100px !important;position:relative !important;}.stk-5e2dda5 .stk-block-icon-list-item__text{font-size:25px !important;color:var(--theme-palette-color-8, #ffffff) !important;}@media screen and (max-width:999px){.stk-5e2dda5 .stk-block-icon-list-item__text{font-size:25px !important;}}<\/style><div class=\"stk-block-icon-list-item__content\"><span class=\"stk--svg-wrapper\"><div class=\"stk--inner-svg\"><svg aria-hidden=\"true\" width=\"32\" height=\"32\"><use xlink:href=\"#stk-icon-list__icon-svg-def-025640c\"><\/use><\/svg><\/div><\/span><span class=\"stk-block-icon-list-item__text has-text-color\">\u2705 Asesoramiento t\u00e9cnico y mantenimiento preventivo<\/span><\/div><\/li>\n\n\n\n<li class=\"wp-block-stackable-icon-list-item stk-block-icon-list-item stk-block stk-e7782c5\" data-block-id=\"e7782c5\"><div class=\"stk-block-icon-list-item__content\"><span class=\"stk--svg-wrapper\"><div class=\"stk--inner-svg\"><svg aria-hidden=\"true\" width=\"32\" height=\"32\"><use xlink:href=\"#stk-icon-list__icon-svg-def-025640c\"><\/use><\/svg><\/div><\/span><span class=\"stk-block-icon-list-item__text\"><\/span><\/div><\/li>\n<\/ul><\/div>\n<\/div><\/div><\/div>\n<\/div><\/div>\n\n\n\n<p><\/p>\n","protected":false},"excerpt":{"rendered":"<p>Bienvenido a INFORMOVIL Tu soluci\u00f3n confiable en Ribeira (Coru\u00f1a) para la reparaci\u00f3n y mantenimiento de m\u00f3viles, tablets y ordenadores. Especialistas en reparaciones de Iphone. Nos especializamos en diagn\u00f3sticos precisos, reparaciones r\u00e1pidas y soluciones efectivas para que tu dispositivo funcione como nuevo.<\/p>\n","protected":false},"author":1,"featured_media":0,"parent":0,"menu_order":0,"comment_status":"closed","ping_status":"closed","template":"","meta":{"footnotes":""},"class_list":["post-515","page","type-page","status-publish","hentry"],"blocksy_meta":{"page_title_panel":"","has_hero_section":"disabled","0f7480de7faa8c01f4afcfa8a4c162a8":"","hero_section":"type-1","hero_elements":[{"id":"custom_title","enabled":true,"heading_tag":"h1","title":"Home"},{"id":"custom_description","enabled":true,"description_visibility":{"desktop":true,"tablet":true,"mobile":false}},{"id":"custom_meta","enabled":false,"meta_elements":[{"id":"author","enabled":true,"label":"By","has_author_avatar":"yes","avatar_size":25},{"id":"post_date","enabled":true,"label":"On","date_format_source":"default","date_format":"M j, Y"},{"id":"updated_date","enabled":false,"label":"On","date_format_source":"default","date_format":"M j, Y"},{"id":"categories","enabled":false,"label":"In","style":"simple"},{"id":"comments","enabled":true}],"page_meta_elements":{"joined":true,"articles_count":true,"comments":true}},{"id":"breadcrumbs","enabled":false}],"ccbd3b87ed7cda1e006bfc356d65d00d":"","hero_alignment1":"CT_CSS_SKIP_RULE","hero_margin":40,"hero_alignment2":"center","hero_vertical_alignment":"center","bf8c35a283640742dc354342bd983b67":"","hero_structure":"narrow","301304ceff928af53bc05dd4098178ed":"","page_title_bg_type":"featured_image","custom_hero_background":{"attachment_id":null},"parallax":{"desktop":false,"tablet":false,"mobile":false},"2c4ad69ddfefc6ea0118139a825676e5":"","hero_height":"250px","pageTitleFont":{"family":"Default","variation":"Default","size":"30px","line-height":"CT_CSS_SKIP_RULE","letter-spacing":"CT_CSS_SKIP_RULE","text-transform":"CT_CSS_SKIP_RULE","text-decoration":"CT_CSS_SKIP_RULE"},"pageTitleFontColor":{"default":{"color":"CT_CSS_SKIP_RULEDEFAULT"}},"pageMetaFont":{"family":"Default","variation":"n6","size":"12px","line-height":"1.3","letter-spacing":"CT_CSS_SKIP_RULE","text-transform":"uppercase","text-decoration":"CT_CSS_SKIP_RULE"},"pageMetaFontColor":{"default":{"color":"CT_CSS_SKIP_RULEDEFAULT"},"hover":{"color":"CT_CSS_SKIP_RULEDEFAULT"}},"page_meta_button_type_font_colors":{"default":{"color":"CT_CSS_SKIP_RULEDEFAULT"},"hover":{"color":"CT_CSS_SKIP_RULEDEFAULT"}},"page_meta_button_type_background_colors":{"default":{"color":"CT_CSS_SKIP_RULEDEFAULT"},"hover":{"color":"CT_CSS_SKIP_RULEDEFAULT"}},"pageExcerptFont":{"family":"Default","variation":"Default","size":"CT_CSS_SKIP_RULE","line-height":"CT_CSS_SKIP_RULE","letter-spacing":"CT_CSS_SKIP_RULE","text-transform":"CT_CSS_SKIP_RULE","text-decoration":"CT_CSS_SKIP_RULE"},"pageExcerptColor":{"default":{"color":"CT_CSS_SKIP_RULEDEFAULT"}},"breadcrumbsFont":{"family":"Default","variation":"Default","size":"CT_CSS_SKIP_RULE","line-height":"CT_CSS_SKIP_RULE","letter-spacing":"CT_CSS_SKIP_RULE","text-transform":"CT_CSS_SKIP_RULE","text-decoration":"CT_CSS_SKIP_RULE"},"breadcrumbsFontColor":{"default":{"color":"CT_CSS_SKIP_RULEDEFAULT"},"initial":{"color":"CT_CSS_SKIP_RULEDEFAULT"},"hover":{"color":"CT_CSS_SKIP_RULEDEFAULT"}},"pageTitleOverlay":{"background_type":"color","background_pattern":"type-1","background_image":{"attachment_id":null,"x":0,"y":0},"gradient":"linear-gradient(135deg,rgba(6,147,227,1) 0%,rgb(155,81,224) 100%)","background_repeat":"repeat","background_size":"auto","background_attachment":"scroll","patternColor":{"default":{"color":"#e5e7ea"}},"overlayColor":{"default":{"color":"CT_CSS_SKIP_RULE"}},"backgroundColor":{"default":{"color":"CT_CSS_SKIP_RULE"}}},"pageTitleBackground":{"background_type":"color","background_pattern":"type-1","background_image":{"attachment_id":null,"x":0,"y":0},"gradient":"linear-gradient(135deg,rgba(6,147,227,1) 0%,rgb(155,81,224) 100%)","background_repeat":"repeat","background_size":"auto","background_attachment":"scroll","patternColor":{"default":{"color":"#e5e7ea"}},"overlayColor":{"default":{"color":"CT_CSS_SKIP_RULE"}},"backgroundColor":{"default":{"color":"var(--theme-palette-color-6)"}}},"pageTitlePadding":{"top":"50px","bottom":"50px","left":"auto","right":"auto","linked":true},"c9c0d9b9e41c338cc69abcad0eff651c":"","page_structure_type":"default","6ce2aabdbf3db29e228061077b5e7248":"","content_style_source":"inherit","content_style":"wide","vertical_spacing_source":"custom","content_area_spacing":"none","background":{"background_type":"color","background_pattern":"type-1","background_image":{"attachment_id":null,"x":0,"y":0},"gradient":"linear-gradient(135deg,rgba(6,147,227,1) 0%,rgb(155,81,224) 100%)","background_repeat":"repeat","background_size":"auto","background_attachment":"scroll","patternColor":{"default":{"color":"#e5e7ea"}},"overlayColor":{"default":{"color":"CT_CSS_SKIP_RULE"}},"backgroundColor":{"default":{"color":"CT_CSS_SKIP_RULE"}}},"content_background":{"background_type":"color","background_pattern":"type-1","background_image":{"attachment_id":null,"x":0,"y":0},"gradient":"linear-gradient(135deg,rgba(6,147,227,1) 0%,rgb(155,81,224) 100%)","background_repeat":"repeat","background_size":"auto","background_attachment":"scroll","patternColor":{"default":{"color":"#e5e7ea"}},"overlayColor":{"default":{"color":"CT_CSS_SKIP_RULE"}},"backgroundColor":{"default":{"color":"var(--theme-palette-color-8)"}}},"content_boxed_shadow":{"inherit":false,"blur":18,"spread":-6,"v_offset":12,"h_offset":0,"inset":false,"enable":true,"color":{"color":"rgba(34, 56, 101, 0.04)"}},"boxed_content_spacing":{"desktop":{"top":"40px","bottom":"40px","left":"40px","right":"40px","linked":true},"tablet":{"top":"35px","bottom":"35px","left":"35px","right":"35px","linked":true},"mobile":{"top":"20px","bottom":"20px","left":"20px","right":"20px","linked":true}},"content_boxed_radius":{"top":"3px","bottom":"3px","left":"3px","right":"3px","linked":true},"34729e8460c21e8c8cf797f2bd8e6f85":"","disable_featured_image":"no","disable_header":"no","disable_footer":"no","styles_descriptor":{"styles":{"desktop":"","tablet":"","mobile":""},"google_fonts":[],"version":6}},"_links":{"self":[{"href":"https:\/\/riveira.net\/wp\/index.php?rest_route=\/wp\/v2\/pages\/515","targetHints":{"allow":["GET"]}}],"collection":[{"href":"https:\/\/riveira.net\/wp\/index.php?rest_route=\/wp\/v2\/pages"}],"about":[{"href":"https:\/\/riveira.net\/wp\/index.php?rest_route=\/wp\/v2\/types\/page"}],"author":[{"embeddable":true,"href":"https:\/\/riveira.net\/wp\/index.php?rest_route=\/wp\/v2\/users\/1"}],"replies":[{"embeddable":true,"href":"https:\/\/riveira.net\/wp\/index.php?rest_route=%2Fwp%2Fv2%2Fcomments&post=515"}],"version-history":[{"count":59,"href":"https:\/\/riveira.net\/wp\/index.php?rest_route=\/wp\/v2\/pages\/515\/revisions"}],"predecessor-version":[{"id":1104,"href":"https:\/\/riveira.net\/wp\/index.php?rest_route=\/wp\/v2\/pages\/515\/revisions\/1104"}],"wp:attachment":[{"href":"https:\/\/riveira.net\/wp\/index.php?rest_route=%2Fwp%2Fv2%2Fmedia&parent=515"}],"curies":[{"name":"wp","href":"https:\/\/api.w.org\/{rel}","templated":true}]}}