{"id":684,"date":"2022-11-15T13:11:52","date_gmt":"2022-11-15T13:11:52","guid":{"rendered":"https:\/\/startersites.io\/blocksy\/photo-studio\/?page_id=684"},"modified":"2025-04-05T01:04:42","modified_gmt":"2025-04-04T23:04:42","slug":"domicilio","status":"publish","type":"page","link":"https:\/\/riveira.net\/wp\/?page_id=684","title":{"rendered":"DOMICILIO"},"content":{"rendered":"\n<div class=\"wp-block-stackable-columns alignfull stk-block-columns stk-block stk-bfdcc56 stk-block-background stk--has-background-overlay\" data-block-id=\"bfdcc56\"><style>.stk-bfdcc56 {background-image:url(http:\/\/riveira.net\/wp\/wp-content\/uploads\/2025\/03\/ordenador-reparacion-1.png) !important;min-height:0vh !important;padding-top:270px !important;padding-bottom:150px !important;margin-bottom:0px !important;top:-21px !important;}.stk-bfdcc56-column{flex-wrap:wrap !important;--stk-flex-grow:0 !important;}@media screen and (max-width:999px){.stk-bfdcc56 {padding-top:200px !important;padding-bottom:140px !important;}}@media screen and (max-width:689px){.stk-bfdcc56 {padding-top:170px !important;padding-bottom:100px !important;}}<\/style><div class=\"stk-row stk-inner-blocks has-text-align-center-mobile stk-block-content stk-content-align stk-bfdcc56-column\">\n<div class=\"wp-block-stackable-column stk-block-column stk-column stk-block stk-69e1cc9\" data-v=\"4\" data-block-id=\"69e1cc9\"><style>.stk-69e1cc9-container{margin-top:0px !important;margin-right:0px !important;margin-bottom:0px !important;margin-left:0px !important;}<\/style><div class=\"stk-column-wrapper stk-block-column__content stk-container stk-69e1cc9-container stk--no-background stk--no-padding\"><div class=\"stk-block-content stk-inner-blocks stk-69e1cc9-inner-blocks\">\n<div class=\"wp-block-stackable-heading stk-block-heading stk-block-heading--v2 stk-block stk-246fd0e\" id=\"strong-atencion-a-domicilio-strong-en-ribeira-coruna\" data-block-id=\"246fd0e\"><style>.stk-246fd0e {top:-49px !important;}.stk-246fd0e .stk-block-heading__text{text-shadow:4px 2px 2px var(--theme-palette-color-8, #ffffff) !important;font-size:76px !important;color:var(--theme-palette-color-1, #fd5a37) !important;}@media screen and (max-width:999px){.stk-246fd0e .stk-block-heading__text{font-size:50px !important;}}@media screen and (max-width:689px){.stk-246fd0e .stk-block-heading__text{font-size:38px !important;}}<\/style><h2 class=\"stk-block-heading__text has-text-color has-text-align-center\"><strong>ATENCION A DOMICILIO<\/strong> en Ribeira. Coru\u00f1a<\/h2><\/div>\n\n\n\n<div class=\"wp-block-stackable-heading alignfull stk-block-heading stk-block-heading--v2 stk-block stk-799b2d6\" id=\"strong-es-una-solucion-para-particulares-y-empresas-que-requieren-asistencia-tecnologica-sin-la-necesidad-de-trasladar-sus-equipos-este-servicio-abarca-desde-la-reparacion-de-hardware-hasta-la-optimizacion-de-software-y-redes-strong\" data-block-id=\"799b2d6\"><style>.stk-799b2d6 {top:-41px !important;}.stk-799b2d6 .stk-block-heading__text{text-shadow:2px 2px 5px var(--theme-palette-color-1, #fd5a37) !important;color:var(--theme-palette-color-8, #ffffff) !important;}@media screen and (max-width:689px){.stk-799b2d6 .stk-block-heading__text{font-size:24px !important;}}<\/style><h2 class=\"stk-block-heading__text has-text-color\"><strong>Es una soluci\u00f3n para particulares y empresas que requieren asistencia tecnol\u00f3gica sin la necesidad de trasladar sus equipos. Este servicio abarca desde la reparaci\u00f3n de hardware hasta la optimizaci\u00f3n de software y redes<\/strong>.<\/h2><\/div>\n<\/div><\/div><\/div>\n<\/div><\/div>\n\n\n\n<div class=\"wp-block-stackable-testimonial stk-block-testimonial stk-block stk-47a8852 is-style-default\" data-v=\"2\" data-block-id=\"47a8852\"><div class=\"stk-block-testimonial__content stk-content-align stk-47a8852-column stk-container stk-47a8852-container stk-hover-parent\"><div class=\"stk-block-content stk-inner-blocks has-text-align-center stk-47a8852-inner-blocks\">\n<div class=\"wp-block-stackable-text stk-block-text stk-block stk-6bac173\" data-block-id=\"6bac173\"><style>.stk-6bac173 .stk-block-text__text{font-size:31px !important;}@media screen and (max-width:999px){.stk-6bac173 .stk-block-text__text{font-size:31px !important;}}<\/style><p class=\"stk-block-text__text\"><strong>Cont\u00e1ctanos hoy mismo y deja tu equipo en buenas manos<\/strong><\/p><\/div>\n\n\n\n<div class=\"wp-block-stackable-image stk-block-image stk-block stk-cdc8e5b\" data-block-id=\"cdc8e5b\"><style>.stk-cdc8e5b .stk-img-wrapper{width:100px !important;height:100px !important;}.stk-cdc8e5b .stk-img-wrapper img, .stk-cdc8e5b .stk-img-wrapper::after, .stk-cdc8e5b .stk-img-wrapper::before{mask-image:url('data:image\/svg+xml;base64,PHN2ZyB4bWxucz0iaHR0cDovL3d3dy53My5vcmcvMjAwMC9zdmciIHZpZXdCb3g9IjAgMCAxMDAgMTAwIiBwcmVzZXJ2ZUFzcGVjdFJhdGlvPSJub25lIj48Y2lyY2xlIGN4PSI1MCIgY3k9IjUwIiByPSI1MCI+PC9jaXJjbGU+PC9zdmc+') !important;-webkit-mask-image:url('data:image\/svg+xml;base64,PHN2ZyB4bWxucz0iaHR0cDovL3d3dy53My5vcmcvMjAwMC9zdmciIHZpZXdCb3g9IjAgMCAxMDAgMTAwIiBwcmVzZXJ2ZUFzcGVjdFJhdGlvPSJub25lIj48Y2lyY2xlIGN4PSI1MCIgY3k9IjUwIiByPSI1MCI+PC9jaXJjbGU+PC9zdmc+') !important;}<\/style><figure><span class=\"stk-img-wrapper stk-img--shape stk-image--shape-stretch\"><img loading=\"lazy\" decoding=\"async\" class=\"stk-img wp-image-935\" src=\"http:\/\/riveira.net\/wp\/wp-content\/uploads\/2025\/04\/telefono.png\" width=\"512\" height=\"512\" srcset=\"https:\/\/riveira.net\/wp\/wp-content\/uploads\/2025\/04\/telefono.png 512w, https:\/\/riveira.net\/wp\/wp-content\/uploads\/2025\/04\/telefono-300x300.png 300w, https:\/\/riveira.net\/wp\/wp-content\/uploads\/2025\/04\/telefono-150x150.png 150w, https:\/\/riveira.net\/wp\/wp-content\/uploads\/2025\/04\/telefono-500x500.png 500w, https:\/\/riveira.net\/wp\/wp-content\/uploads\/2025\/04\/telefono-100x100.png 100w\" sizes=\"auto, (max-width: 512px) 100vw, 512px\" \/><\/span><\/figure><\/div>\n\n\n\n<div class=\"wp-block-stackable-heading stk-block-heading stk-block-heading--v2 stk-block stk-5c7b91d\" id=\"652966300\" data-block-id=\"5c7b91d\"><h2 class=\"stk-block-heading__text\">652966300<\/h2><\/div>\n<\/div><\/div><\/div>\n\n\n\n<div class=\"wp-block-stackable-spacer stk-block-spacer stk--no-padding stk-block stk-66fc7bf\" data-block-id=\"66fc7bf\"><style>.stk-66fc7bf {height:50px !important;}@media screen and (max-width:999px){.stk-66fc7bf {height:70px !important;}}<\/style><\/div>\n\n\n\n<p class=\"has-palette-color-4-color has-text-color has-link-color has-medium-font-size wp-elements-d7bdac15e49e32ed370c799eb3a3122d\"><strong>Ventajas del Servicio a Domicilio:<\/strong><\/p>\n\n\n\n<p class=\"has-palette-color-4-color has-text-color has-link-color has-medium-font-size wp-elements-b8ef8b1c20dc53c89f4a4d44a496366a\">\u2705 Comodidad para el cliente.<br>\u2705 Ahorro de tiempo y costos de traslado.<br>\u2705 Diagn\u00f3stico en el lugar de trabajo o el hogar.<br>\u2705 Atenci\u00f3n personalizada y r\u00e1pida.<br>\u2705 Disponibilidad en horarios flexibles.<\/p>\n\n\n\n<p class=\"has-palette-color-4-color has-text-color has-link-color has-medium-font-size wp-elements-42a9c21383879da8c847c3ec458e9074\"><\/p>\n","protected":false},"excerpt":{"rendered":"<p>ATENCION A DOMICILIO en Ribeira. Coru\u00f1a Es una soluci\u00f3n para particulares y empresas que requieren asistencia tecnol\u00f3gica sin la necesidad de trasladar sus equipos. Este servicio abarca desde la reparaci\u00f3n de hardware hasta la optimizaci\u00f3n de software y redes. Cont\u00e1ctanos hoy mismo y deja tu equipo en buenas manos 652966300 Ventajas del Servicio a Domicilio: [&hellip;]<\/p>\n","protected":false},"author":1,"featured_media":0,"parent":0,"menu_order":0,"comment_status":"closed","ping_status":"closed","template":"","meta":{"footnotes":""},"class_list":["post-684","page","type-page","status-publish","hentry"],"blocksy_meta":{"page_title_panel":"","has_hero_section":"disabled","b82da71c36c2bf13d1ba44853ce9ae4f":"","hero_section":"type-1","hero_elements":[{"id":"custom_title","enabled":true,"heading_tag":"h1","title":"Home"},{"id":"custom_description","enabled":true,"description_visibility":{"desktop":true,"tablet":true,"mobile":false}},{"id":"custom_meta","enabled":false,"meta_elements":[{"id":"author","enabled":true,"label":"By","has_author_avatar":"yes","avatar_size":25},{"id":"post_date","enabled":true,"label":"On","date_format_source":"default","date_format":"M j, Y"},{"id":"updated_date","enabled":false,"label":"On","date_format_source":"default","date_format":"M j, Y"},{"id":"categories","enabled":false,"label":"In","style":"simple"},{"id":"comments","enabled":true}],"page_meta_elements":{"joined":true,"articles_count":true,"comments":true}},{"id":"breadcrumbs","enabled":false}],"980b41077093c8c156356697a008eee2":"","hero_alignment1":"CT_CSS_SKIP_RULE","hero_margin":40,"hero_alignment2":"center","hero_vertical_alignment":"center","0d897591070526a3b38ab6081cd5438e":"","hero_structure":"narrow","5180fee15505bdb5430fb66e9de0dde9":"","page_title_bg_type":"featured_image","custom_hero_background":{"attachment_id":null},"page_title_image_size":"full","parallax":{"desktop":false,"tablet":false,"mobile":false},"604952a34aabc2c407db8cfddcde6428":"","hero_height":"250px","pageTitleFont":{"family":"Default","variation":"Default","size":"30px","line-height":"CT_CSS_SKIP_RULE","letter-spacing":"CT_CSS_SKIP_RULE","text-transform":"CT_CSS_SKIP_RULE","text-decoration":"CT_CSS_SKIP_RULE"},"pageTitleFontColor":{"default":{"color":"CT_CSS_SKIP_RULEDEFAULT"}},"pageMetaFont":{"family":"Default","variation":"n6","size":"12px","line-height":"1.3","letter-spacing":"CT_CSS_SKIP_RULE","text-transform":"uppercase","text-decoration":"CT_CSS_SKIP_RULE"},"pageMetaFontColor":{"default":{"color":"CT_CSS_SKIP_RULEDEFAULT"},"hover":{"color":"CT_CSS_SKIP_RULEDEFAULT"}},"page_meta_button_type_font_colors":{"default":{"color":"CT_CSS_SKIP_RULEDEFAULT"},"hover":{"color":"CT_CSS_SKIP_RULEDEFAULT"}},"page_meta_button_type_background_colors":{"default":{"color":"CT_CSS_SKIP_RULEDEFAULT"},"hover":{"color":"CT_CSS_SKIP_RULEDEFAULT"}},"pageExcerptFont":{"family":"Default","variation":"Default","size":"CT_CSS_SKIP_RULE","line-height":"CT_CSS_SKIP_RULE","letter-spacing":"CT_CSS_SKIP_RULE","text-transform":"CT_CSS_SKIP_RULE","text-decoration":"CT_CSS_SKIP_RULE"},"pageExcerptColor":{"default":{"color":"CT_CSS_SKIP_RULEDEFAULT"}},"breadcrumbsFont":{"family":"Default","variation":"Default","size":"CT_CSS_SKIP_RULE","line-height":"CT_CSS_SKIP_RULE","letter-spacing":"CT_CSS_SKIP_RULE","text-transform":"CT_CSS_SKIP_RULE","text-decoration":"CT_CSS_SKIP_RULE"},"breadcrumbsFontColor":{"default":{"color":"CT_CSS_SKIP_RULEDEFAULT"},"initial":{"color":"CT_CSS_SKIP_RULEDEFAULT"},"hover":{"color":"CT_CSS_SKIP_RULEDEFAULT"}},"pageTitleOverlay":{"background_type":"color","background_pattern":"type-1","background_image":{"attachment_id":null,"x":0,"y":0},"gradient":"linear-gradient(135deg,rgba(6,147,227,1) 0%,rgb(155,81,224) 100%)","background_repeat":"repeat","background_size":"auto","background_attachment":"scroll","patternColor":{"default":{"color":"#e5e7ea"}},"overlayColor":{"default":{"color":"CT_CSS_SKIP_RULE"}},"backgroundColor":{"default":{"color":"CT_CSS_SKIP_RULE"}}},"pageTitleBackground":{"background_type":"color","background_pattern":"type-1","background_image":{"attachment_id":null,"x":0,"y":0},"gradient":"linear-gradient(135deg,rgba(6,147,227,1) 0%,rgb(155,81,224) 100%)","background_repeat":"repeat","background_size":"auto","background_attachment":"scroll","patternColor":{"default":{"color":"#e5e7ea"}},"overlayColor":{"default":{"color":"CT_CSS_SKIP_RULE"}},"backgroundColor":{"default":{"color":"var(--theme-palette-color-6)"}}},"pageTitlePadding":{"top":"50px","bottom":"50px","left":"auto","right":"auto","linked":true},"aa8f602cffb377206a8cccc48a43dd92":"","page_structure_type":"default","9bae1d45eda9a9ec6aa0cdfbe023c3f5":"","content_style_source":"inherit","content_style":"wide","vertical_spacing_source":"custom","content_area_spacing":"none","background":{"background_type":"color","background_pattern":"type-1","background_image":{"attachment_id":null,"x":0,"y":0},"gradient":"linear-gradient(135deg,rgba(6,147,227,1) 0%,rgb(155,81,224) 100%)","background_repeat":"repeat","background_size":"auto","background_attachment":"scroll","patternColor":{"default":{"color":"#e5e7ea"}},"overlayColor":{"default":{"color":"CT_CSS_SKIP_RULE"}},"backgroundColor":{"default":{"color":"CT_CSS_SKIP_RULE"}}},"content_background":{"background_type":"color","background_pattern":"type-1","background_image":{"attachment_id":null,"x":0,"y":0},"gradient":"linear-gradient(135deg,rgba(6,147,227,1) 0%,rgb(155,81,224) 100%)","background_repeat":"repeat","background_size":"auto","background_attachment":"scroll","patternColor":{"default":{"color":"#e5e7ea"}},"overlayColor":{"default":{"color":"CT_CSS_SKIP_RULE"}},"backgroundColor":{"default":{"color":"var(--theme-palette-color-8)"}}},"content_boxed_shadow":{"inherit":false,"blur":18,"spread":-6,"v_offset":12,"h_offset":0,"inset":false,"enable":true,"color":{"color":"rgba(34, 56, 101, 0.04)"}},"content_boxed_border":{"width":1,"style":"none","color":{"color":"rgba(44,62,80,0.2)"}},"content_boxed_radius":{"top":"3px","bottom":"3px","left":"3px","right":"3px","linked":true},"boxed_content_spacing":{"desktop":{"top":"40px","bottom":"40px","left":"40px","right":"40px","linked":true},"tablet":{"top":"35px","bottom":"35px","left":"35px","right":"35px","linked":true},"mobile":{"top":"20px","bottom":"20px","left":"20px","right":"20px","linked":true}},"ff8a7de03a9dead2fdffdacf28a592bc":"","disable_featured_image":"no","disable_share_box":"no","disable_header":"no","disable_footer":"no","styles_descriptor":{"styles":{"desktop":"","tablet":"","mobile":""},"google_fonts":[],"version":6}},"_links":{"self":[{"href":"https:\/\/riveira.net\/wp\/index.php?rest_route=\/wp\/v2\/pages\/684","targetHints":{"allow":["GET"]}}],"collection":[{"href":"https:\/\/riveira.net\/wp\/index.php?rest_route=\/wp\/v2\/pages"}],"about":[{"href":"https:\/\/riveira.net\/wp\/index.php?rest_route=\/wp\/v2\/types\/page"}],"author":[{"embeddable":true,"href":"https:\/\/riveira.net\/wp\/index.php?rest_route=\/wp\/v2\/users\/1"}],"replies":[{"embeddable":true,"href":"https:\/\/riveira.net\/wp\/index.php?rest_route=%2Fwp%2Fv2%2Fcomments&post=684"}],"version-history":[{"count":38,"href":"https:\/\/riveira.net\/wp\/index.php?rest_route=\/wp\/v2\/pages\/684\/revisions"}],"predecessor-version":[{"id":1028,"href":"https:\/\/riveira.net\/wp\/index.php?rest_route=\/wp\/v2\/pages\/684\/revisions\/1028"}],"wp:attachment":[{"href":"https:\/\/riveira.net\/wp\/index.php?rest_route=%2Fwp%2Fv2%2Fmedia&parent=684"}],"curies":[{"name":"wp","href":"https:\/\/api.w.org\/{rel}","templated":true}]}}