{"id":946,"date":"2025-04-02T11:49:33","date_gmt":"2025-04-02T09:49:33","guid":{"rendered":"https:\/\/riveira.net\/wp\/?page_id=946"},"modified":"2025-04-07T16:28:56","modified_gmt":"2025-04-07T14:28:56","slug":"diseno-web","status":"publish","type":"page","link":"https:\/\/riveira.net\/wp\/?page_id=946","title":{"rendered":"dise\u00f1o-web"},"content":{"rendered":"\n<div class=\"wp-block-stackable-hero alignfull stk-block-hero stk-block stk-9a00b06 is-style-default\" data-v=\"2\" data-block-id=\"9a00b06\"><style>.stk-9a00b06 {margin-bottom:80px !important;}.stk-9a00b06-container{background-image:url(https:\/\/storage.googleapis.com\/stackable-plugin-assets\/library-v3\/section-prism-image-gallery\/9665ae6c7781.png) !important;}.stk-9a00b06 .stk-block-hero__content{min-height:500px !important;align-items:center !important;max-width:100% !important;min-width:auto !important;padding-top:110px !important;padding-bottom:240px !important;margin-right:auto !important;margin-left:auto !important;display:flex !important;}@media screen and (max-width:999px){.stk-9a00b06 .stk-block-hero__content{padding-top:56px !important;padding-bottom:56px !important;}}@media screen and (max-width:689px){.stk-9a00b06 {margin-bottom:32px !important;}}<\/style><div class=\"stk-block-hero__content stk-content-align stk-9a00b06-column alignfull stk-container stk-9a00b06-container stk-hover-parent stk--has-background-overlay\"><div class=\"stk-block-content stk-inner-blocks has-text-align-center stk-9a00b06-inner-blocks\">\n<div class=\"wp-block-stackable-heading stk-block-heading stk-block-heading--v2 stk-block stk-bdb0e99\" id=\"span-style-color-var-stk-global-color-60579-1-c-1-c-1-c-class-stk-highlight-product-showcase-span\" data-block-id=\"bdb0e99\"><style>.stk-bdb0e99 {border-style:solid !important;border-top-width:0px !important;border-right-width:0px !important;border-bottom-width:0px !important;border-left-width:0px !important;top:-23px !important;}.stk-bdb0e99 .stk-block-heading__text{text-shadow:0px 2px 2px #000000 !important;font-size:72px !important;color:var(--theme-palette-color-1, #fd5a37) !important;}@media screen and (max-width:999px){.stk-bdb0e99 .stk-block-heading__text{font-size:50px !important;}}@media screen and (max-width:689px){.stk-bdb0e99 .stk-block-heading__text{font-size:27px !important;}}<\/style><h2 class=\"stk-block-heading__text has-text-color\">DISE\u00d1O WEB en Ribeira<\/h2><\/div>\n\n\n\n<div class=\"wp-block-stackable-text stk-block-text stk-block stk-20976db\" data-block-id=\"20976db\"><style>.stk-20976db {margin-bottom:14px !important;top:-23px !important;}.stk-20976db .stk-block-text__text{text-shadow:0px 2px 4px var(--theme-palette-color-4, #030306) !important;font-size:27px !important;color:var(--theme-palette-color-8, #ffffff) !important;}@media screen and (max-width:999px){.stk-20976db .stk-block-text__text{font-size:27px !important;}}@media screen and (max-width:689px){.stk-20976db {column-count:1 !important;column-gap:0px !important;max-width:322px !important;min-width:auto !important;margin-right:auto !important;margin-left:auto !important;}.stk-20976db .stk-block-text__text{font-size:25px !important;}}<\/style><p class=\"stk-block-text__text has-text-color has-text-align-center-mobile\"><span class=\"stk-highlight\"><strong>Dise\u00f1amos la P\u00e1gina Web de Tus Sue\u00f1os<\/strong><\/span><\/p><\/div>\n\n\n\n<p class=\"has-large-font-size\"><strong>\u00bfNecesitas una p\u00e1gina web profesional para tu negocio?<\/strong> \u00a1Nosotros la creamos para ti!<\/p>\n\n\n\n<p><\/p>\n\n\n\n<div class=\"wp-block-stackable-columns stk-block-columns stk-block stk-3b3a90c\" data-block-id=\"3b3a90c\"><style>.stk-3b3a90c {margin-bottom:32px !important;}<\/style><div class=\"stk-row stk-inner-blocks stk-block-content stk-content-align stk-3b3a90c-column\">\n<div class=\"wp-block-stackable-column stk-block-column stk-column stk-block stk-c9909e5\" data-v=\"4\" data-block-id=\"c9909e5\"><div class=\"stk-column-wrapper stk-block-column__content stk-container stk-c9909e5-container stk--no-background stk--no-padding\"><div class=\"stk-block-content stk-inner-blocks stk-c9909e5-inner-blocks\">\n<div class=\"wp-block-stackable-columns stk-block-columns stk-block stk-b095cc0\" data-block-id=\"b095cc0\"><div class=\"stk-row stk-inner-blocks stk-block-content stk-content-align stk-b095cc0-column\">\n<div class=\"wp-block-stackable-column stk-block-column stk-column stk-block stk-4a59de2\" data-v=\"4\" data-block-id=\"4a59de2\"><div class=\"stk-column-wrapper stk-block-column__content stk-container stk-4a59de2-container stk--no-background stk--no-padding\"><div class=\"stk-block-content stk-inner-blocks stk-4a59de2-inner-blocks\">\n<div class=\"wp-block-stackable-image stk-block-image stk-block stk-a33f8c5\" data-block-id=\"a33f8c5\"><figure><span class=\"stk-img-wrapper stk-image--shape-stretch\"><img loading=\"lazy\" decoding=\"async\" class=\"stk-img wp-image-952\" src=\"http:\/\/riveira.net\/wp\/wp-content\/uploads\/2025\/04\/diseno4.jpg\" width=\"800\" height=\"445\" srcset=\"https:\/\/riveira.net\/wp\/wp-content\/uploads\/2025\/04\/diseno4.jpg 800w, https:\/\/riveira.net\/wp\/wp-content\/uploads\/2025\/04\/diseno4-300x167.jpg 300w, https:\/\/riveira.net\/wp\/wp-content\/uploads\/2025\/04\/diseno4-768x427.jpg 768w, https:\/\/riveira.net\/wp\/wp-content\/uploads\/2025\/04\/diseno4-600x334.jpg 600w\" sizes=\"auto, (max-width: 800px) 100vw, 800px\" \/><\/span><\/figure><\/div>\n<\/div><\/div><\/div>\n\n\n\n<div class=\"wp-block-stackable-column stk-block-column stk-column stk-block stk-cf9f9d0\" data-v=\"4\" data-block-id=\"cf9f9d0\"><div class=\"stk-column-wrapper stk-block-column__content stk-container stk-cf9f9d0-container stk--no-background stk--no-padding\"><div class=\"stk-block-content stk-inner-blocks stk-cf9f9d0-inner-blocks\">\n<div class=\"wp-block-stackable-image stk-block-image stk-block stk-598966e\" data-block-id=\"598966e\"><style>.stk-598966e .stk-img-wrapper{width:433px !important;}<\/style><figure><span class=\"stk-img-wrapper stk-image--shape-stretch\"><img loading=\"lazy\" decoding=\"async\" class=\"stk-img wp-image-951\" src=\"http:\/\/riveira.net\/wp\/wp-content\/uploads\/2025\/04\/diseno3.avif\" width=\"433\" height=\"288\" srcset=\"https:\/\/riveira.net\/wp\/wp-content\/uploads\/2025\/04\/diseno3.avif 433w, https:\/\/riveira.net\/wp\/wp-content\/uploads\/2025\/04\/diseno3-300x200.avif 300w\" sizes=\"auto, (max-width: 433px) 100vw, 433px\" \/><\/span><\/figure><\/div>\n<\/div><\/div><\/div>\n\n\n\n<div class=\"wp-block-stackable-column stk-block-column stk-column stk-block stk-48ab4ce\" data-v=\"4\" data-block-id=\"48ab4ce\"><div class=\"stk-column-wrapper stk-block-column__content stk-container stk-48ab4ce-container stk--no-background stk--no-padding\"><div class=\"stk-block-content stk-inner-blocks stk-48ab4ce-inner-blocks\">\n<div class=\"wp-block-stackable-image stk-block-image stk-block stk-6bfee91\" data-block-id=\"6bfee91\"><figure><span class=\"stk-img-wrapper stk-image--shape-stretch\"><img loading=\"lazy\" decoding=\"async\" class=\"stk-img wp-image-949\" src=\"http:\/\/riveira.net\/wp\/wp-content\/uploads\/2025\/04\/diseno1.avif\" width=\"1024\" height=\"768\" srcset=\"https:\/\/riveira.net\/wp\/wp-content\/uploads\/2025\/04\/diseno1.avif 1024w, https:\/\/riveira.net\/wp\/wp-content\/uploads\/2025\/04\/diseno1-300x225.avif 300w, https:\/\/riveira.net\/wp\/wp-content\/uploads\/2025\/04\/diseno1-768x576.avif 768w, https:\/\/riveira.net\/wp\/wp-content\/uploads\/2025\/04\/diseno1-600x450.avif 600w\" sizes=\"auto, (max-width: 1024px) 100vw, 1024px\" \/><\/span><\/figure><\/div>\n<\/div><\/div><\/div>\n<\/div><\/div>\n<\/div><\/div><\/div>\n<\/div><\/div>\n\n\n\n<div class=\"wp-block-stackable-text stk-block-text stk-block stk-adf7bce\" data-block-id=\"adf7bce\"><style>.stk-adf7bce .stk-block-text__text{font-size:33px !important;}@media screen and (max-width:999px){.stk-adf7bce .stk-block-text__text{font-size:33px !important;}}<\/style><p class=\"stk-block-text__text\">Perfecto para <strong>emprendedores, negocios, marcas personales y m\u00e1s<\/strong><\/p><\/div>\n\n\n\n<div class=\"wp-block-stackable-button-group stk-block-button-group stk-block stk-350453a\" data-block-id=\"350453a\"><div class=\"stk-row stk-inner-blocks stk-block-content stk-button-group\">\n<div class=\"wp-block-stackable-button stk-block-button stk-block stk-a5e8837\" data-block-id=\"a5e8837\"><style>.stk-a5e8837 .stk-button{padding-right:24px !important;padding-left:24px !important;border-top-left-radius:10px !important;border-top-right-radius:10px !important;border-bottom-right-radius:10px !important;border-bottom-left-radius:10px !important;}.stk-a5e8837 .stk-button:before{box-shadow:4px 6px 6px 2px var(--theme-palette-color-4, #030306) !important;border-color:var(--theme-palette-color-1, #fd5a37) !important;}.stk-a5e8837 .stk-button__inner-text{font-size:26px !important;}@media screen and (max-width:999px){.stk-a5e8837 .stk-button__inner-text{font-size:26px !important;}}<\/style><a class=\"stk-link stk-button stk--hover-effect-scale\" href=\"https:\/\/riveira.net\/wp\/?page_id=1051\"><span class=\"stk-button__inner-text\">CONTACTO<\/span><\/a><\/div>\n<\/div><\/div>\n<\/div><\/div><\/div>\n","protected":false},"excerpt":{"rendered":"<p>DISE\u00d1O WEB en Ribeira Dise\u00f1amos la P\u00e1gina Web de Tus Sue\u00f1os \u00bfNecesitas una p\u00e1gina web profesional para tu negocio? \u00a1Nosotros la creamos para ti! Perfecto para emprendedores, negocios, marcas personales y m\u00e1s CONTACTO<\/p>\n","protected":false},"author":1,"featured_media":0,"parent":0,"menu_order":0,"comment_status":"closed","ping_status":"closed","template":"","meta":{"footnotes":""},"class_list":["post-946","page","type-page","status-publish","hentry"],"blocksy_meta":[],"_links":{"self":[{"href":"https:\/\/riveira.net\/wp\/index.php?rest_route=\/wp\/v2\/pages\/946","targetHints":{"allow":["GET"]}}],"collection":[{"href":"https:\/\/riveira.net\/wp\/index.php?rest_route=\/wp\/v2\/pages"}],"about":[{"href":"https:\/\/riveira.net\/wp\/index.php?rest_route=\/wp\/v2\/types\/page"}],"author":[{"embeddable":true,"href":"https:\/\/riveira.net\/wp\/index.php?rest_route=\/wp\/v2\/users\/1"}],"replies":[{"embeddable":true,"href":"https:\/\/riveira.net\/wp\/index.php?rest_route=%2Fwp%2Fv2%2Fcomments&post=946"}],"version-history":[{"count":16,"href":"https:\/\/riveira.net\/wp\/index.php?rest_route=\/wp\/v2\/pages\/946\/revisions"}],"predecessor-version":[{"id":1107,"href":"https:\/\/riveira.net\/wp\/index.php?rest_route=\/wp\/v2\/pages\/946\/revisions\/1107"}],"wp:attachment":[{"href":"https:\/\/riveira.net\/wp\/index.php?rest_route=%2Fwp%2Fv2%2Fmedia&parent=946"}],"curies":[{"name":"wp","href":"https:\/\/api.w.org\/{rel}","templated":true}]}}